{"id":8233,"date":"2019-02-21T09:42:05","date_gmt":"2019-02-21T08:42:05","guid":{"rendered":"https:\/\/stiftsgardenrattvik.se\/en\/?page_id=8233"},"modified":"2026-03-17T08:38:35","modified_gmt":"2026-03-17T07:38:35","slug":"kyrkvard-i-andakt-och-bonht19","status":"publish","type":"page","link":"https:\/\/stiftsgardenrattvik.se\/en\/kyrkvard-i-andakt-och-bonht19\/","title":{"rendered":"Kyrkv\u00e4rd i andakt och b\u00f6n"},"content":{"rendered":"\n<style type=\"text\/css\" data-created_by=\"avia_inline_auto\" id=\"style-css-av-ks4m95-c172ba353d9930d384029ae6695c1815\">\n.flex_column.av-ks4m95-c172ba353d9930d384029ae6695c1815{\n-webkit-border-radius:0px 0px 0px 0px;\n-moz-border-radius:0px 0px 0px 0px;\nborder-radius:0px 0px 0px 0px;\npadding:0px 0px 0px 0px;\n}\n<\/style>\n<div class='flex_column av-ks4m95-c172ba353d9930d384029ae6695c1815 av_one_full  avia-builder-el-0  el_before_av_one_half  avia-builder-el-first  first flex_column_div av-zero-column-padding '     ><section  class='av_textblock_section av-ig6a8p-026cadb74813070774a46b66e2feac95'  itemscope=\"itemscope\" itemtype=\"https:\/\/schema.org\/CreativeWork\" ><div class='avia_textblock'  itemprop=\"text\" ><h1 style=\"text-align: center;\">Kyrkv\u00e4rd i andakt och b\u00f6n<\/h1>\n<h3 style=\"text-align: center;\">\u00a018-20 september 2026<\/h3>\n<\/div><\/section><\/div>\n\n<style type=\"text\/css\" data-created_by=\"avia_inline_auto\" id=\"style-css-av-h7bwyh-f64eb996d47787093b093b6fd35b783c\">\n.flex_column.av-h7bwyh-f64eb996d47787093b093b6fd35b783c{\n-webkit-border-radius:0px 0px 0px 0px;\n-moz-border-radius:0px 0px 0px 0px;\nborder-radius:0px 0px 0px 0px;\npadding:0px 0px 0px 0px;\n}\n<\/style>\n<div class='flex_column av-h7bwyh-f64eb996d47787093b093b6fd35b783c av_one_half  avia-builder-el-2  el_after_av_one_full  el_before_av_two_fifth  first flex_column_div av-zero-column-padding column-top-margin'     ><section  class='av_textblock_section av-g9ra5l-6b7f8049dbfaa9d7c5a2905b60cd1ea4'  itemscope=\"itemscope\" itemtype=\"https:\/\/schema.org\/CreativeWork\" ><div class='avia_textblock'  itemprop=\"text\" ><p>Att vara kyrkv\u00e4rd \u00e4r ett urgammalt och centralt uppdrag i svenska kyrkan. En del av uppgifterna har f\u00f6r\u00e4ndrats \u00f6ver tid och nya har kommit till i takt med att v\u00e5rt samh\u00e4lle har f\u00f6r\u00e4ndrats. Samtidigt \u00e4r kyrkv\u00e4rden fortfarande p\u00e5 m\u00e5nga s\u00e4tt f\u00f6rsamlingens ansikte ut\u00e5t. F\u00f6rutom kursinneh\u00e5llet ligger det ett stort v\u00e4rde i att m\u00f6ta kyrkv\u00e4rdar och gudstj\u00e4nstv\u00e4rdar fr\u00e5n olika f\u00f6rsamlingar och traditioner. Stiftsg\u00e5rden i R\u00e4ttvik har en l\u00e5ng bakgrund av att vara ett sammanhang d\u00e4r dialog och respekt mellan olika tankar och erfarenheter kan f\u00e5 r\u00e5da. D\u00e4r vi f\u00e5r m\u00f6tas i samtal kring liv och tro.<\/p>\n<p>Mer <strong>info<\/strong> om kursen:<\/p>\n<ul>\n<li><a href=\"https:\/\/stiftsgardenrattvik.se\/wp-content\/uploads\/2025\/06\/Kyrkvard-i-andakt-och-bon-Flyer-SG-2026.pdf\">Informationsblad Kyrkv\u00e4rd i andakt och b\u00f6n\u00a0<\/a><\/li>\n<li><a href=\"https:\/\/stiftsgardenrattvik.se\/wp-content\/uploads\/2025\/06\/Kyrkvard-i-andakt-och-bon-Program-sept-2026.pdf\">Detaljerat program<\/a> (med reservation f\u00f6r f\u00f6r\u00e4ndringar)<\/li>\n<\/ul>\n<p>F\u00f6r <strong>fr\u00e5gor<\/strong> \u00e4r du v\u00e4lkommen att kontakta oss p\u00e5 <a href=\"mailto:program@stiftsgardenrattvik.se\">program@stiftsgardenrattvik.se<\/a><br \/>\nF\u00f6r <strong>bokning<\/strong> v\u00e4nligen fyll i formul\u00e4ret nedan s\u00e5 \u00e5terkommer vi s\u00e5 snart vi kan med besked om du f\u00e5tt plats.<\/p>\n<\/div><\/section><\/div>\n\n<style type=\"text\/css\" data-created_by=\"avia_inline_auto\" id=\"style-css-av-e3szx5-e44509ef3ce3465fc55406a54d91e72f\">\n.flex_column.av-e3szx5-e44509ef3ce3465fc55406a54d91e72f{\n-webkit-border-radius:0px 0px 0px 0px;\n-moz-border-radius:0px 0px 0px 0px;\nborder-radius:0px 0px 0px 0px;\npadding:0px 0px 0px 0px;\n}\n<\/style>\n<div class='flex_column av-e3szx5-e44509ef3ce3465fc55406a54d91e72f av_two_fifth  avia-builder-el-4  el_after_av_one_half  el_before_av_one_full  flex_column_div av-zero-column-padding column-top-margin'     ><style type=\"text\/css\" data-created_by=\"avia_inline_auto\" id=\"style-css-av-cnpkhl-0c706d1da6187d9c4b9932606ad52311\">\n.avia-image-container.av-cnpkhl-0c706d1da6187d9c4b9932606ad52311 img.avia_image{\nbox-shadow:none;\n}\n.avia-image-container.av-cnpkhl-0c706d1da6187d9c4b9932606ad52311 .av-image-caption-overlay-center{\ncolor:#ffffff;\n}\n<\/style>\n<div  class='avia-image-container av-cnpkhl-0c706d1da6187d9c4b9932606ad52311 av-styling- avia-align-center  avia-builder-el-5  avia-builder-el-no-sibling '   itemprop=\"image\" itemscope=\"itemscope\" itemtype=\"https:\/\/schema.org\/ImageObject\" ><div class=\"avia-image-container-inner\"><div class=\"avia-image-overlay-wrap\"><img decoding=\"async\" class='wp-image-7832 avia-img-lazy-loading-not-7832 avia_image ' src=\"https:\/\/stiftsgardenrattvik.se\/wp-content\/uploads\/2018\/09\/Kyrkv\u00e4rd-i-andakt-och-b\u00f6n-april-2019-\u00a9Magnus.Aronson.jpg\" alt='' title='\u00d6ppna h\u00e4nder Foto: Magnus.Aronson'  height=\"3381\" width=\"2536\"  itemprop=\"thumbnailUrl\" srcset=\"https:\/\/stiftsgardenrattvik.se\/wp-content\/uploads\/2018\/09\/Kyrkv\u00e4rd-i-andakt-och-b\u00f6n-april-2019-\u00a9Magnus.Aronson.jpg 2536w, https:\/\/stiftsgardenrattvik.se\/wp-content\/uploads\/2018\/09\/Kyrkv\u00e4rd-i-andakt-och-b\u00f6n-april-2019-\u00a9Magnus.Aronson-225x300.jpg 225w, https:\/\/stiftsgardenrattvik.se\/wp-content\/uploads\/2018\/09\/Kyrkv\u00e4rd-i-andakt-och-b\u00f6n-april-2019-\u00a9Magnus.Aronson-768x1024.jpg 768w, https:\/\/stiftsgardenrattvik.se\/wp-content\/uploads\/2018\/09\/Kyrkv\u00e4rd-i-andakt-och-b\u00f6n-april-2019-\u00a9Magnus.Aronson-773x1030.jpg 773w, https:\/\/stiftsgardenrattvik.se\/wp-content\/uploads\/2018\/09\/Kyrkv\u00e4rd-i-andakt-och-b\u00f6n-april-2019-\u00a9Magnus.Aronson-1125x1500.jpg 1125w, https:\/\/stiftsgardenrattvik.se\/wp-content\/uploads\/2018\/09\/Kyrkv\u00e4rd-i-andakt-och-b\u00f6n-april-2019-\u00a9Magnus.Aronson-529x705.jpg 529w, https:\/\/stiftsgardenrattvik.se\/wp-content\/uploads\/2018\/09\/Kyrkv\u00e4rd-i-andakt-och-b\u00f6n-april-2019-\u00a9Magnus.Aronson-450x600.jpg 450w\" sizes=\"(max-width: 2536px) 100vw, 2536px\" \/><\/div><\/div><\/div><\/div>\n\n<style type=\"text\/css\" data-created_by=\"avia_inline_auto\" id=\"style-css-av-av_one_full-f1f88be822a74ccd78731c222cb053c2\">\n.flex_column.av-av_one_full-f1f88be822a74ccd78731c222cb053c2{\n-webkit-border-radius:0px 0px 0px 0px;\n-moz-border-radius:0px 0px 0px 0px;\nborder-radius:0px 0px 0px 0px;\npadding:0px 0px 0px 0px;\n}\n<\/style>\n<div class='flex_column av-av_one_full-f1f88be822a74ccd78731c222cb053c2 av_one_full  avia-builder-el-6  el_after_av_two_fifth  avia-builder-el-last  first flex_column_div av-zero-column-padding '     ><form action=\"https:\/\/stiftsgardenrattvik.se\/en\/kyrkvard-i-andakt-och-bonht19\/\" method=\"post\"  class=\"avia_ajax_form av-form-labels-visible   avia-builder-el-7  avia-builder-el-no-sibling   \" data-avia-form-id=\"1\" data-avia-redirect='' ><h3 class=''>G\u00f6r din bokning h\u00e4r!<\/h3><fieldset><p class='  first_form  form_element form_element_half' id='element_avia_1_1'><label for=\"avia_1_1\">F\u00f6rnamn <abbr class=\"required\" title=\"required\">*<\/abbr><\/label> <input name=\"avia_1_1\" class=\"text_input is_empty\" type=\"text\" id=\"avia_1_1\" value=\"\" \/><\/p><p class='  form_element form_element_half' id='element_avia_2_1'><label for=\"avia_2_1\">Efternamn <abbr class=\"required\" title=\"required\">*<\/abbr><\/label> <input name=\"avia_2_1\" class=\"text_input is_empty\" type=\"text\" id=\"avia_2_1\" value=\"\" \/><\/p><p class='  first_form  form_element form_element_third' id='element_avia_3_1'><label for=\"avia_3_1\">Postadress <abbr class=\"required\" title=\"required\">*<\/abbr><\/label> <input name=\"avia_3_1\" class=\"text_input is_empty\" type=\"text\" id=\"avia_3_1\" value=\"\" \/><\/p><p class='  form_element form_element_third' id='element_avia_4_1'><label for=\"avia_4_1\">Postnummer <abbr class=\"required\" title=\"required\">*<\/abbr><\/label> <input name=\"avia_4_1\" class=\"text_input is_empty\" type=\"text\" id=\"avia_4_1\" value=\"\" \/><\/p><p class='  form_element form_element_third' id='element_avia_5_1'><label for=\"avia_5_1\">Postort <abbr class=\"required\" title=\"required\">*<\/abbr><\/label> <input name=\"avia_5_1\" class=\"text_input is_empty\" type=\"text\" id=\"avia_5_1\" value=\"\" \/><\/p><p class='  first_form  form_element form_element_half' id='element_avia_6_1'><label for=\"avia_6_1\">Epost <abbr class=\"required\" title=\"required\">*<\/abbr><\/label> <input name=\"avia_6_1\" class=\"text_input is_email\" type=\"text\" id=\"avia_6_1\" value=\"\" \/><\/p><p class='  form_element form_element_half' id='element_avia_7_1'><label for=\"avia_7_1\">Telefonnummer <abbr class=\"required\" title=\"required\">*<\/abbr><\/label> <input name=\"avia_7_1\" class=\"text_input is_empty\" type=\"text\" id=\"avia_7_1\" value=\"\" \/><\/p><p class='  first_form  form_element form_fullwidth' id='element_avia_8_1'><label for=\"avia_8_1\">\u00d6nskas logi JA\/NEJ (om JA v\u00e4lj alternativ nedan) <abbr class=\"required\" title=\"required\">*<\/abbr><\/label> <input name=\"avia_8_1\" class=\"text_input is_empty\" type=\"text\" id=\"avia_8_1\" value=\"\" \/><\/p><p class='  first_form  form_element form_element_third' id='element_avia_9_1'><input  name=\"avia_9_1\" class=\"input_checkbox \" type=\"checkbox\" id=\"avia_9_1\" value=\"true\"\/><label class=\"input_checkbox_label\" for=\"avia_9_1\">Enkelrum med WC (dusch i korridor)<\/label><\/p><p class='  form_element form_element_third' id='element_avia_10_1'><input  name=\"avia_10_1\" class=\"input_checkbox \" type=\"checkbox\" id=\"avia_10_1\" value=\"true\"\/><label class=\"input_checkbox_label\" for=\"avia_10_1\">Enkelrum med dusch &amp; wc<\/label><\/p><p class='  form_element form_element_third' id='element_avia_11_1'><input  name=\"avia_11_1\" class=\"input_checkbox \" type=\"checkbox\" id=\"avia_11_1\" value=\"true\"\/><label class=\"input_checkbox_label\" for=\"avia_11_1\">Dubbelrum med dusch &amp; WC<\/label><\/p><p class='  first_form  form_element form_fullwidth' id='element_avia_12_1'><label for=\"avia_12_1\">Ev. faktureringsadress<\/label> <input name=\"avia_12_1\" class=\"text_input \" type=\"text\" id=\"avia_12_1\" value=\"\" \/><\/p><p class='  first_form  form_element form_fullwidth' id='element_avia_13_1'><label for=\"avia_13_1\">Ev. referensperson<\/label> <input name=\"avia_13_1\" class=\"text_input \" type=\"text\" id=\"avia_13_1\" value=\"\" \/><\/p><p class='  first_form  form_element form_fullwidth av-last-visible-form-element' id='element_avia_14_1'><label for=\"avia_14_1\">Allergier och behov av specialkost har \u00f6kat. Det \u00e4r viktigt att vi som lagar och serverar mat tar dessa behov p\u00e5 st\u00f6rsta allvar och skapar b\u00e4sta t\u00e4nkbara f\u00f6ruts\u00e4ttningar f\u00f6r att vi ska klara av att uppfylla kraven. D\u00e4rf\u00f6r har Stiftsg\u00e5rden i R\u00e4ttvik fr\u00e5n och med den 1 mars 2021 inf\u00f6rt tydligare regler n\u00e4r det g\u00e4ller specialkost. F\u00f6r att vi ska kunna s\u00e4kerst\u00e4lla och tillgodose behovet av specialkost beh\u00f6ver vi l\u00e4karintyg f\u00f6r ber\u00f6rd person. L\u00e4karintyget m\u00e5ste vara Stiftsg\u00e5rden tillhanda senast sju dagar innan ankomst f\u00f6r att vi ska kunna s\u00e4kerst\u00e4lla och tillgodose behovet. Vid f\u00f6rsta m\u00e5ltid m\u00e5ste den som har behov av specialkost anm\u00e4la sig till k\u00f6kspersonalen s\u00e5 att vi vet vem det g\u00e4ller. I enligt med GDPR sparas l\u00e4karintygen s\u00e5 l\u00e4nge det \u00e4r n\u00f6dv\u00e4ndigt f\u00f6r att uppfylla kraven. N\u00e4r ni skickar in ert l\u00e4karintyg medger ni samtidigt att era personuppgifter sparas enligt ovan. Ev. allergier\/ specialkost v\u00e4nligen fyll i nedan<\/label> <input name=\"avia_14_1\" class=\"text_input \" type=\"text\" id=\"avia_14_1\" value=\"\" \/><\/p><p class=\"hidden\"><input type=\"text\" name=\"avia_15_1\" class=\"hidden \" id=\"avia_15_1\" value=\"\" \/><\/p><p class=\"form_element \"><input type=\"hidden\" value=\"1\" name=\"avia_generated_form1\" \/><input type=\"submit\" value=\"Skicka anm\u00e4lan!\" class=\"button\"  data-sending-label=\"Sending\"\/><\/p><\/fieldset><\/form><div id=\"ajaxresponse_1\" class=\"ajaxresponse ajaxresponse_1 hidden\"><\/div><\/div>\n","protected":false},"excerpt":{"rendered":"","protected":false},"author":1,"featured_media":0,"parent":0,"menu_order":0,"comment_status":"closed","ping_status":"closed","template":"","meta":{"_bbp_topic_count":0,"_bbp_reply_count":0,"_bbp_total_topic_count":0,"_bbp_total_reply_count":0,"_bbp_voice_count":0,"_bbp_anonymous_reply_count":0,"_bbp_topic_count_hidden":0,"_bbp_reply_count_hidden":0,"_bbp_forum_subforum_count":0,"footnotes":""},"_links":{"self":[{"href":"https:\/\/stiftsgardenrattvik.se\/en\/wp-json\/wp\/v2\/pages\/8233"}],"collection":[{"href":"https:\/\/stiftsgardenrattvik.se\/en\/wp-json\/wp\/v2\/pages"}],"about":[{"href":"https:\/\/stiftsgardenrattvik.se\/en\/wp-json\/wp\/v2\/types\/page"}],"author":[{"embeddable":true,"href":"https:\/\/stiftsgardenrattvik.se\/en\/wp-json\/wp\/v2\/users\/1"}],"replies":[{"embeddable":true,"href":"https:\/\/stiftsgardenrattvik.se\/en\/wp-json\/wp\/v2\/comments?post=8233"}],"version-history":[{"count":10,"href":"https:\/\/stiftsgardenrattvik.se\/en\/wp-json\/wp\/v2\/pages\/8233\/revisions"}],"predecessor-version":[{"id":16502,"href":"https:\/\/stiftsgardenrattvik.se\/en\/wp-json\/wp\/v2\/pages\/8233\/revisions\/16502"}],"wp:attachment":[{"href":"https:\/\/stiftsgardenrattvik.se\/en\/wp-json\/wp\/v2\/media?parent=8233"}],"curies":[{"name":"wp","href":"https:\/\/api.w.org\/{rel}","templated":true}]}}